{"id":50,"date":"2014-05-17T21:32:33","date_gmt":"2014-05-17T21:32:33","guid":{"rendered":"http:\/\/podio.org.ar\/podioblog\/?page_id=50"},"modified":"2024-04-25T20:08:16","modified_gmt":"2024-04-25T23:08:16","slug":"proyecto-voley-podio","status":"publish","type":"page","link":"https:\/\/www.podio.org.ar\/podioblog\/proyecto-voley-podio\/","title":{"rendered":"Maxi Voley Podio"},"content":{"rendered":"<h3 style=\"text-align: justify;\">Rese\u00f1a Hist\u00f3rica<\/h3>\n<p style=\"text-align: justify;\">En octubre\u00a0de 2008, empezamos\u00a0a gestar una\u00a0idea que termin\u00f3 transform\u00e1ndose en proyecto: un torneo de <strong>maxi v\u00f3ley femenino.<\/strong><\/p>\n<p style=\"text-align: justify;\">Tuvimos distintas motivaciones. El objetivo m\u00e1s importante era lograr que a trav\u00e9s de la inclusi\u00f3n de las madres, se pueda promover de\u00a0ejemplo para que sus hijos se impliquen\u00a0en la pr\u00e1ctica deportiva. Y elegimos el v\u00f3ley como deporte emblema.<\/p>\n<p style=\"text-align: justify;\">Sab\u00edamos que si la familia se acercaba a los clubes, aunque sea para acompa\u00f1ar, como\u00a0espectadores, el deporte iba a crecer. Y una parte se iba a involucrar directamente con alg\u00fan deporte. Y algunos se iban a asociar a los clubes.<\/p>\n<p style=\"text-align: justify;\">Focalizamos nuestro trabajo en el v\u00f3ley femenino porque sab\u00edamos que el maxi de caballeros funcionaba muy bien en la FMV, mientras que el femenino estaba m\u00e1s desarrollado en diferentes ligas y no tanto en la FMV. Y era permanente el reclamo de las jugadoras por factores negativos de otras ligas. Vimos ah\u00ed un nicho de mercado con altos niveles de insatisfacci\u00f3n.<\/p>\n<p style=\"text-align: justify;\">El desaf\u00edo era dar el puntapi\u00e9 inicial. Comenzamos en el Club Ciudad de Buenos Aires, con el apoyo de la Comisi\u00f3n Directiva.<\/p>\n<p style=\"text-align: justify;\">Se acercaron un grupo de equipos, reducido, y el proyecto comenz\u00f3 a construirse. Arrancamos con el\u00a0<strong>torneo lanzamiento<\/strong> con 9 equipos. Luego de\u00a0muchas reuniones donde participaron los equipos interesados, escribimos entre todos el reglamento de la competencia y empezamos a ponerle alma.<\/p>\n<p style=\"text-align: justify;\">No nos importaba competir con otras ligas. No nacimos para perjudicar los otros torneos\u00a0que estaban funcionando. Quer\u00edamos sumar, pero brindando una alternativa diferente. El espacio, sin dejar de ser competitivo, deb\u00eda apoyarse fundamentalmente en lo social. Buscamos siempre afianzar principios de gesti\u00f3n basada en la calidad. Siempre fuimos respetuosos, organizados y previsibles. Cometimos errores y aprendimos de estos.<\/p>\n<p style=\"text-align: justify;\">Ya en el segundo torneo eran 12 los equipos. En 2010 pasamos a 15 equipos y arrancamos 2011 con 18 equipos.<\/p>\n<p><img loading=\"lazy\" decoding=\"async\" class=\"wp-image-2786 alignright\" src=\"https:\/\/www.podio.org.ar\/podioblog\/wp-content\/uploads\/2014\/05\/Logo-FMV-nuevo-300x192.jpg\" alt=\"\" width=\"188\" height=\"120\" srcset=\"https:\/\/www.podio.org.ar\/podioblog\/wp-content\/uploads\/2014\/05\/Logo-FMV-nuevo-300x192.jpg 300w, https:\/\/www.podio.org.ar\/podioblog\/wp-content\/uploads\/2014\/05\/Logo-FMV-nuevo.jpg 576w\" sizes=\"auto, (max-width: 188px) 100vw, 188px\" \/>Este 2011 pudimos dar un salto cualitativo, al ser reconocidos por la\u00a0<strong>Federaci\u00f3n Metropolitana de Voleibol<\/strong>\u00a0y obtener el auspicio oficial de la misma, de la mano de su entonces vicepresidente, Leopoldo \u201cChulo\u201d Olmo y su presidente, Vicente Finelli. Chulo pudo vivenciar en carne propia el \u00e9xito del torneo, la alegr\u00eda con la que las jugadoras participaban. Sus palabras fueron \u201cla Metro no puede hacer pie en el v\u00f3ley femenino y Ustedes no paran de crecer. Por qu\u00e9 no hacemos una alianza, la FMV retira el torneo de maxi v\u00f3ley femenino y auspiciamos los torneos femeninos de PODIO. As\u00ed todos ganamos\u201d.<\/p>\n<p>La Comisi\u00f3n de Arbitraje de la FMV\u00a0designa\u00a0los \u00e1rbitros desde el primer d\u00eda. La Secretar\u00eda de Torneos nos brinda asesoramiento y un marco de contenci\u00f3n invalorable para el crecimiento del torneo.<\/p>\n<p><span style=\"line-height: 1.5;\">Ya en 2014, este torneo creado y auspiciado por la Fundaci\u00f3n Deportiva PODIO es reconocido por toda la comunidad y cuenta con m\u00e1s de 36 equipos y m\u00e1s de 950 jugadoras federadas, siendo as\u00ed el <\/span><strong style=\"line-height: 1.5;\">torneo m\u00e1s importante de la regi\u00f3n metropolitana<\/strong><span style=\"line-height: 1.5;\">. 2015 cierra el a\u00f1o con 43 equipos y m\u00e1s de 1200 jugadoras.<\/span><\/p>\n<p>Finalizamos 2016 con 44 y pasamos a ser el <strong>torneo oficial de maxi v\u00f3ley femenino<\/strong> de la <strong>Federaci\u00f3n Metropolitana de Voleibol.<\/strong> Esta alianza entre las dos instituciones permitir\u00e1 construir una relaci\u00f3n a\u00fan m\u00e1s fuerte, posibilitando el desarrollo de esta rama del deporte.<\/p>\n<p style=\"text-align: justify;\">Crecer y desarrollarnos de forma permanentemente. Ese es nuestro desaf\u00edo.<\/p>\n","protected":false},"excerpt":{"rendered":"<p>Rese\u00f1a Hist\u00f3rica En octubre\u00a0de 2008, empezamos\u00a0a gestar una\u00a0idea que termin\u00f3 transform\u00e1ndose en proyecto: un torneo de maxi v\u00f3ley femenino. Tuvimos distintas motivaciones. El objetivo m\u00e1s importante era lograr que a trav\u00e9s de la inclusi\u00f3n de las madres, se pueda promover de\u00a0ejemplo para que sus hijos se impliquen\u00a0en la pr\u00e1ctica deportiva. Y elegimos el v\u00f3ley como [&hellip;]<\/p>\n","protected":false},"author":1,"featured_media":0,"parent":0,"menu_order":0,"comment_status":"closed","ping_status":"open","template":"","meta":{"footnotes":""},"class_list":["post-50","page","type-page","status-publish","hentry"],"yoast_head":"<!-- This site is optimized with the Yoast SEO plugin v27.2 - https:\/\/yoast.com\/product\/yoast-seo-wordpress\/ -->\n<title>Maxi Voley Podio - Fundaci\u00f3n Deportiva PODIO<\/title>\n<meta name=\"robots\" content=\"index, follow, max-snippet:-1, max-image-preview:large, max-video-preview:-1\" \/>\n<link rel=\"canonical\" href=\"https:\/\/www.podio.org.ar\/podioblog\/proyecto-voley-podio\/\" \/>\n<meta property=\"og:locale\" content=\"es_ES\" \/>\n<meta property=\"og:type\" content=\"article\" \/>\n<meta property=\"og:title\" content=\"Maxi Voley Podio - Fundaci\u00f3n Deportiva PODIO\" \/>\n<meta property=\"og:description\" content=\"Rese\u00f1a Hist\u00f3rica En octubre\u00a0de 2008, empezamos\u00a0a gestar una\u00a0idea que termin\u00f3 transform\u00e1ndose en proyecto: un torneo de maxi v\u00f3ley femenino. Tuvimos distintas motivaciones. El objetivo m\u00e1s importante era lograr que a trav\u00e9s de la inclusi\u00f3n de las madres, se pueda promover de\u00a0ejemplo para que sus hijos se impliquen\u00a0en la pr\u00e1ctica deportiva. Y elegimos el v\u00f3ley como [&hellip;]\" \/>\n<meta property=\"og:url\" content=\"https:\/\/www.podio.org.ar\/podioblog\/proyecto-voley-podio\/\" \/>\n<meta property=\"og:site_name\" content=\"Fundaci\u00f3n Deportiva PODIO\" \/>\n<meta property=\"article:modified_time\" content=\"2024-04-25T23:08:16+00:00\" \/>\n<meta property=\"og:image\" content=\"http:\/\/www.podio.org.ar\/podioblog\/wp-content\/uploads\/2014\/05\/Logo-FMV-nuevo-300x192.jpg\" \/>\n<meta name=\"twitter:card\" content=\"summary_large_image\" \/>\n<meta name=\"twitter:label1\" content=\"Tiempo de lectura\" \/>\n\t<meta name=\"twitter:data1\" content=\"3 minutos\" \/>\n<script type=\"application\/ld+json\" class=\"yoast-schema-graph\">{\"@context\":\"https:\/\/schema.org\",\"@graph\":[{\"@type\":\"WebPage\",\"@id\":\"https:\/\/www.podio.org.ar\/podioblog\/proyecto-voley-podio\/\",\"url\":\"https:\/\/www.podio.org.ar\/podioblog\/proyecto-voley-podio\/\",\"name\":\"Maxi Voley Podio - Fundaci\u00f3n Deportiva PODIO\",\"isPartOf\":{\"@id\":\"https:\/\/www.podio.org.ar\/podioblog\/#website\"},\"primaryImageOfPage\":{\"@id\":\"https:\/\/www.podio.org.ar\/podioblog\/proyecto-voley-podio\/#primaryimage\"},\"image\":{\"@id\":\"https:\/\/www.podio.org.ar\/podioblog\/proyecto-voley-podio\/#primaryimage\"},\"thumbnailUrl\":\"http:\/\/www.podio.org.ar\/podioblog\/wp-content\/uploads\/2014\/05\/Logo-FMV-nuevo-300x192.jpg\",\"datePublished\":\"2014-05-17T21:32:33+00:00\",\"dateModified\":\"2024-04-25T23:08:16+00:00\",\"breadcrumb\":{\"@id\":\"https:\/\/www.podio.org.ar\/podioblog\/proyecto-voley-podio\/#breadcrumb\"},\"inLanguage\":\"es\",\"potentialAction\":[{\"@type\":\"ReadAction\",\"target\":[\"https:\/\/www.podio.org.ar\/podioblog\/proyecto-voley-podio\/\"]}]},{\"@type\":\"ImageObject\",\"inLanguage\":\"es\",\"@id\":\"https:\/\/www.podio.org.ar\/podioblog\/proyecto-voley-podio\/#primaryimage\",\"url\":\"http:\/\/www.podio.org.ar\/podioblog\/wp-content\/uploads\/2014\/05\/Logo-FMV-nuevo-300x192.jpg\",\"contentUrl\":\"http:\/\/www.podio.org.ar\/podioblog\/wp-content\/uploads\/2014\/05\/Logo-FMV-nuevo-300x192.jpg\"},{\"@type\":\"BreadcrumbList\",\"@id\":\"https:\/\/www.podio.org.ar\/podioblog\/proyecto-voley-podio\/#breadcrumb\",\"itemListElement\":[{\"@type\":\"ListItem\",\"position\":1,\"name\":\"Portada\",\"item\":\"https:\/\/www.podio.org.ar\/podioblog\/\"},{\"@type\":\"ListItem\",\"position\":2,\"name\":\"Maxi Voley Podio\"}]},{\"@type\":\"WebSite\",\"@id\":\"https:\/\/www.podio.org.ar\/podioblog\/#website\",\"url\":\"https:\/\/www.podio.org.ar\/podioblog\/\",\"name\":\"Fundaci\u00f3n Deportiva PODIO\",\"description\":\"Por un Deporte Integrador y Organizado\",\"potentialAction\":[{\"@type\":\"SearchAction\",\"target\":{\"@type\":\"EntryPoint\",\"urlTemplate\":\"https:\/\/www.podio.org.ar\/podioblog\/?s={search_term_string}\"},\"query-input\":{\"@type\":\"PropertyValueSpecification\",\"valueRequired\":true,\"valueName\":\"search_term_string\"}}],\"inLanguage\":\"es\"}]}<\/script>\n<!-- \/ Yoast SEO plugin. -->","yoast_head_json":{"title":"Maxi Voley Podio - Fundaci\u00f3n Deportiva PODIO","robots":{"index":"index","follow":"follow","max-snippet":"max-snippet:-1","max-image-preview":"max-image-preview:large","max-video-preview":"max-video-preview:-1"},"canonical":"https:\/\/www.podio.org.ar\/podioblog\/proyecto-voley-podio\/","og_locale":"es_ES","og_type":"article","og_title":"Maxi Voley Podio - Fundaci\u00f3n Deportiva PODIO","og_description":"Rese\u00f1a Hist\u00f3rica En octubre\u00a0de 2008, empezamos\u00a0a gestar una\u00a0idea que termin\u00f3 transform\u00e1ndose en proyecto: un torneo de maxi v\u00f3ley femenino. Tuvimos distintas motivaciones. El objetivo m\u00e1s importante era lograr que a trav\u00e9s de la inclusi\u00f3n de las madres, se pueda promover de\u00a0ejemplo para que sus hijos se impliquen\u00a0en la pr\u00e1ctica deportiva. Y elegimos el v\u00f3ley como [&hellip;]","og_url":"https:\/\/www.podio.org.ar\/podioblog\/proyecto-voley-podio\/","og_site_name":"Fundaci\u00f3n Deportiva PODIO","article_modified_time":"2024-04-25T23:08:16+00:00","og_image":[{"url":"http:\/\/www.podio.org.ar\/podioblog\/wp-content\/uploads\/2014\/05\/Logo-FMV-nuevo-300x192.jpg","type":"","width":"","height":""}],"twitter_card":"summary_large_image","twitter_misc":{"Tiempo de lectura":"3 minutos"},"schema":{"@context":"https:\/\/schema.org","@graph":[{"@type":"WebPage","@id":"https:\/\/www.podio.org.ar\/podioblog\/proyecto-voley-podio\/","url":"https:\/\/www.podio.org.ar\/podioblog\/proyecto-voley-podio\/","name":"Maxi Voley Podio - Fundaci\u00f3n Deportiva PODIO","isPartOf":{"@id":"https:\/\/www.podio.org.ar\/podioblog\/#website"},"primaryImageOfPage":{"@id":"https:\/\/www.podio.org.ar\/podioblog\/proyecto-voley-podio\/#primaryimage"},"image":{"@id":"https:\/\/www.podio.org.ar\/podioblog\/proyecto-voley-podio\/#primaryimage"},"thumbnailUrl":"http:\/\/www.podio.org.ar\/podioblog\/wp-content\/uploads\/2014\/05\/Logo-FMV-nuevo-300x192.jpg","datePublished":"2014-05-17T21:32:33+00:00","dateModified":"2024-04-25T23:08:16+00:00","breadcrumb":{"@id":"https:\/\/www.podio.org.ar\/podioblog\/proyecto-voley-podio\/#breadcrumb"},"inLanguage":"es","potentialAction":[{"@type":"ReadAction","target":["https:\/\/www.podio.org.ar\/podioblog\/proyecto-voley-podio\/"]}]},{"@type":"ImageObject","inLanguage":"es","@id":"https:\/\/www.podio.org.ar\/podioblog\/proyecto-voley-podio\/#primaryimage","url":"http:\/\/www.podio.org.ar\/podioblog\/wp-content\/uploads\/2014\/05\/Logo-FMV-nuevo-300x192.jpg","contentUrl":"http:\/\/www.podio.org.ar\/podioblog\/wp-content\/uploads\/2014\/05\/Logo-FMV-nuevo-300x192.jpg"},{"@type":"BreadcrumbList","@id":"https:\/\/www.podio.org.ar\/podioblog\/proyecto-voley-podio\/#breadcrumb","itemListElement":[{"@type":"ListItem","position":1,"name":"Portada","item":"https:\/\/www.podio.org.ar\/podioblog\/"},{"@type":"ListItem","position":2,"name":"Maxi Voley Podio"}]},{"@type":"WebSite","@id":"https:\/\/www.podio.org.ar\/podioblog\/#website","url":"https:\/\/www.podio.org.ar\/podioblog\/","name":"Fundaci\u00f3n Deportiva PODIO","description":"Por un Deporte Integrador y Organizado","potentialAction":[{"@type":"SearchAction","target":{"@type":"EntryPoint","urlTemplate":"https:\/\/www.podio.org.ar\/podioblog\/?s={search_term_string}"},"query-input":{"@type":"PropertyValueSpecification","valueRequired":true,"valueName":"search_term_string"}}],"inLanguage":"es"}]}},"_links":{"self":[{"href":"https:\/\/www.podio.org.ar\/podioblog\/wp-json\/wp\/v2\/pages\/50","targetHints":{"allow":["GET"]}}],"collection":[{"href":"https:\/\/www.podio.org.ar\/podioblog\/wp-json\/wp\/v2\/pages"}],"about":[{"href":"https:\/\/www.podio.org.ar\/podioblog\/wp-json\/wp\/v2\/types\/page"}],"author":[{"embeddable":true,"href":"https:\/\/www.podio.org.ar\/podioblog\/wp-json\/wp\/v2\/users\/1"}],"replies":[{"embeddable":true,"href":"https:\/\/www.podio.org.ar\/podioblog\/wp-json\/wp\/v2\/comments?post=50"}],"version-history":[{"count":6,"href":"https:\/\/www.podio.org.ar\/podioblog\/wp-json\/wp\/v2\/pages\/50\/revisions"}],"predecessor-version":[{"id":6390,"href":"https:\/\/www.podio.org.ar\/podioblog\/wp-json\/wp\/v2\/pages\/50\/revisions\/6390"}],"wp:attachment":[{"href":"https:\/\/www.podio.org.ar\/podioblog\/wp-json\/wp\/v2\/media?parent=50"}],"curies":[{"name":"wp","href":"https:\/\/api.w.org\/{rel}","templated":true}]}}