{"id":57,"date":"2014-05-17T21:51:42","date_gmt":"2014-05-17T21:51:42","guid":{"rendered":"http:\/\/podio.org.ar\/podioblog\/?page_id=57"},"modified":"2014-05-17T21:51:42","modified_gmt":"2014-05-17T21:51:42","slug":"voley-podio","status":"publish","type":"page","link":"https:\/\/www.podio.org.ar\/podioblog\/voley-podio\/","title":{"rendered":"Voley Podio"},"content":{"rendered":"<p style=\"text-align: justify;\"><strong style=\"color: #252525;\">El voleibol<\/strong><span style=\"color: #252525;\">\u00a0ocupa el tercer lugar del r\u00e1nking\u00a0<\/span><strong style=\"color: #252525;\">con 998 millones de practicantes<\/strong><span style=\"color: #252525;\">. Es otro deporte de los m\u00e1s completos y que m\u00e1s gusta, sobre todo entre la poblaci\u00f3n femenina (*)<\/span><\/p>\n<p style=\"text-align: justify;\">Nuestra relaci\u00f3n desde a\u00f1os con este deporte, nos hizo primero generar un proyecto, el <a title=\"Maxi Voley Podio\" href=\"http:\/\/podio.org.ar\/podioblog\/?page_id=50\">MAXI Voley Podio<\/a>.<\/p>\n<p style=\"text-align: justify;\">Y, en 2014, organizaremos el <a title=\"Primer Torneo Internacional\" href=\"http:\/\/podio.org.ar\/podioblog\/?page_id=67\">Primer Torneo Internacional de Maxi Voley<\/a>, ambas ramas, Leopoldo \u00abChulo\u00bb Olmo.<\/p>\n<p style=\"text-align: justify;\">Para todos nuestros torneos, informes e inscripci\u00f3n a voley@podio.org.ar<\/p>\n<p>Fuente: <a title=\"Cosas de Deportes\" href=\"http:\/\/www.cosasdedeportes.es\/los-deportes-mas-practicados-del-mundo\/?utm_content=bufferb03f3&amp;utm_medium=social&amp;utm_source=facebook.com&amp;utm_campaign=buffer\" target=\"_blank\">Cosas de Deportes<\/a><\/p>\n","protected":false},"excerpt":{"rendered":"<p>El voleibol\u00a0ocupa el tercer lugar del r\u00e1nking\u00a0con 998 millones de practicantes. Es otro deporte de los m\u00e1s completos y que m\u00e1s gusta, sobre todo entre la poblaci\u00f3n femenina (*) Nuestra relaci\u00f3n desde a\u00f1os con este deporte, nos hizo primero generar un proyecto, el MAXI Voley Podio. Y, en 2014, organizaremos el Primer Torneo Internacional de [&hellip;]<\/p>\n","protected":false},"author":1,"featured_media":0,"parent":0,"menu_order":0,"comment_status":"closed","ping_status":"open","template":"","meta":{"footnotes":""},"class_list":["post-57","page","type-page","status-publish","hentry"],"yoast_head":"<!-- This site is optimized with the Yoast SEO plugin v27.2 - https:\/\/yoast.com\/product\/yoast-seo-wordpress\/ -->\n<title>Voley Podio - Fundaci\u00f3n Deportiva PODIO<\/title>\n<meta name=\"robots\" content=\"index, follow, max-snippet:-1, max-image-preview:large, max-video-preview:-1\" \/>\n<link rel=\"canonical\" href=\"https:\/\/www.podio.org.ar\/podioblog\/voley-podio\/\" \/>\n<meta property=\"og:locale\" content=\"es_ES\" \/>\n<meta property=\"og:type\" content=\"article\" \/>\n<meta property=\"og:title\" content=\"Voley Podio - Fundaci\u00f3n Deportiva PODIO\" \/>\n<meta property=\"og:description\" content=\"El voleibol\u00a0ocupa el tercer lugar del r\u00e1nking\u00a0con 998 millones de practicantes. Es otro deporte de los m\u00e1s completos y que m\u00e1s gusta, sobre todo entre la poblaci\u00f3n femenina (*) Nuestra relaci\u00f3n desde a\u00f1os con este deporte, nos hizo primero generar un proyecto, el MAXI Voley Podio. Y, en 2014, organizaremos el Primer Torneo Internacional de [&hellip;]\" \/>\n<meta property=\"og:url\" content=\"https:\/\/www.podio.org.ar\/podioblog\/voley-podio\/\" \/>\n<meta property=\"og:site_name\" content=\"Fundaci\u00f3n Deportiva PODIO\" \/>\n<meta name=\"twitter:card\" content=\"summary_large_image\" \/>\n<script type=\"application\/ld+json\" class=\"yoast-schema-graph\">{\"@context\":\"https:\/\/schema.org\",\"@graph\":[{\"@type\":\"WebPage\",\"@id\":\"https:\/\/www.podio.org.ar\/podioblog\/voley-podio\/\",\"url\":\"https:\/\/www.podio.org.ar\/podioblog\/voley-podio\/\",\"name\":\"Voley Podio - Fundaci\u00f3n Deportiva PODIO\",\"isPartOf\":{\"@id\":\"https:\/\/www.podio.org.ar\/podioblog\/#website\"},\"datePublished\":\"2014-05-17T21:51:42+00:00\",\"breadcrumb\":{\"@id\":\"https:\/\/www.podio.org.ar\/podioblog\/voley-podio\/#breadcrumb\"},\"inLanguage\":\"es\",\"potentialAction\":[{\"@type\":\"ReadAction\",\"target\":[\"https:\/\/www.podio.org.ar\/podioblog\/voley-podio\/\"]}]},{\"@type\":\"BreadcrumbList\",\"@id\":\"https:\/\/www.podio.org.ar\/podioblog\/voley-podio\/#breadcrumb\",\"itemListElement\":[{\"@type\":\"ListItem\",\"position\":1,\"name\":\"Portada\",\"item\":\"https:\/\/www.podio.org.ar\/podioblog\/\"},{\"@type\":\"ListItem\",\"position\":2,\"name\":\"Voley Podio\"}]},{\"@type\":\"WebSite\",\"@id\":\"https:\/\/www.podio.org.ar\/podioblog\/#website\",\"url\":\"https:\/\/www.podio.org.ar\/podioblog\/\",\"name\":\"Fundaci\u00f3n Deportiva PODIO\",\"description\":\"Por un Deporte Integrador y Organizado\",\"potentialAction\":[{\"@type\":\"SearchAction\",\"target\":{\"@type\":\"EntryPoint\",\"urlTemplate\":\"https:\/\/www.podio.org.ar\/podioblog\/?s={search_term_string}\"},\"query-input\":{\"@type\":\"PropertyValueSpecification\",\"valueRequired\":true,\"valueName\":\"search_term_string\"}}],\"inLanguage\":\"es\"}]}<\/script>\n<!-- \/ Yoast SEO plugin. -->","yoast_head_json":{"title":"Voley Podio - Fundaci\u00f3n Deportiva PODIO","robots":{"index":"index","follow":"follow","max-snippet":"max-snippet:-1","max-image-preview":"max-image-preview:large","max-video-preview":"max-video-preview:-1"},"canonical":"https:\/\/www.podio.org.ar\/podioblog\/voley-podio\/","og_locale":"es_ES","og_type":"article","og_title":"Voley Podio - Fundaci\u00f3n Deportiva PODIO","og_description":"El voleibol\u00a0ocupa el tercer lugar del r\u00e1nking\u00a0con 998 millones de practicantes. Es otro deporte de los m\u00e1s completos y que m\u00e1s gusta, sobre todo entre la poblaci\u00f3n femenina (*) Nuestra relaci\u00f3n desde a\u00f1os con este deporte, nos hizo primero generar un proyecto, el MAXI Voley Podio. Y, en 2014, organizaremos el Primer Torneo Internacional de [&hellip;]","og_url":"https:\/\/www.podio.org.ar\/podioblog\/voley-podio\/","og_site_name":"Fundaci\u00f3n Deportiva PODIO","twitter_card":"summary_large_image","schema":{"@context":"https:\/\/schema.org","@graph":[{"@type":"WebPage","@id":"https:\/\/www.podio.org.ar\/podioblog\/voley-podio\/","url":"https:\/\/www.podio.org.ar\/podioblog\/voley-podio\/","name":"Voley Podio - Fundaci\u00f3n Deportiva PODIO","isPartOf":{"@id":"https:\/\/www.podio.org.ar\/podioblog\/#website"},"datePublished":"2014-05-17T21:51:42+00:00","breadcrumb":{"@id":"https:\/\/www.podio.org.ar\/podioblog\/voley-podio\/#breadcrumb"},"inLanguage":"es","potentialAction":[{"@type":"ReadAction","target":["https:\/\/www.podio.org.ar\/podioblog\/voley-podio\/"]}]},{"@type":"BreadcrumbList","@id":"https:\/\/www.podio.org.ar\/podioblog\/voley-podio\/#breadcrumb","itemListElement":[{"@type":"ListItem","position":1,"name":"Portada","item":"https:\/\/www.podio.org.ar\/podioblog\/"},{"@type":"ListItem","position":2,"name":"Voley Podio"}]},{"@type":"WebSite","@id":"https:\/\/www.podio.org.ar\/podioblog\/#website","url":"https:\/\/www.podio.org.ar\/podioblog\/","name":"Fundaci\u00f3n Deportiva PODIO","description":"Por un Deporte Integrador y Organizado","potentialAction":[{"@type":"SearchAction","target":{"@type":"EntryPoint","urlTemplate":"https:\/\/www.podio.org.ar\/podioblog\/?s={search_term_string}"},"query-input":{"@type":"PropertyValueSpecification","valueRequired":true,"valueName":"search_term_string"}}],"inLanguage":"es"}]}},"_links":{"self":[{"href":"https:\/\/www.podio.org.ar\/podioblog\/wp-json\/wp\/v2\/pages\/57","targetHints":{"allow":["GET"]}}],"collection":[{"href":"https:\/\/www.podio.org.ar\/podioblog\/wp-json\/wp\/v2\/pages"}],"about":[{"href":"https:\/\/www.podio.org.ar\/podioblog\/wp-json\/wp\/v2\/types\/page"}],"author":[{"embeddable":true,"href":"https:\/\/www.podio.org.ar\/podioblog\/wp-json\/wp\/v2\/users\/1"}],"replies":[{"embeddable":true,"href":"https:\/\/www.podio.org.ar\/podioblog\/wp-json\/wp\/v2\/comments?post=57"}],"version-history":[{"count":0,"href":"https:\/\/www.podio.org.ar\/podioblog\/wp-json\/wp\/v2\/pages\/57\/revisions"}],"wp:attachment":[{"href":"https:\/\/www.podio.org.ar\/podioblog\/wp-json\/wp\/v2\/media?parent=57"}],"curies":[{"name":"wp","href":"https:\/\/api.w.org\/{rel}","templated":true}]}}