{"id":67,"date":"2014-05-17T22:13:22","date_gmt":"2014-05-17T22:13:22","guid":{"rendered":"http:\/\/podio.org.ar\/podioblog\/?page_id=67"},"modified":"2014-05-17T22:13:22","modified_gmt":"2014-05-17T22:13:22","slug":"primer-torneo-internacional","status":"publish","type":"page","link":"https:\/\/www.podio.org.ar\/podioblog\/primer-torneo-internacional\/","title":{"rendered":"Primer Torneo Internacional"},"content":{"rendered":"<p style=\"text-align: justify;\">Para la Fundaci\u00f3n Deportiva PODIO es un honor organizar, de manera conjunta con la Federaci\u00f3n Metropolitana de Voleibol el primer torneo Internacional de Maxi Voley, de ambas ramas, para jugadoras y jugadores de m\u00e1s de 30 a\u00f1os.<\/p>\n<p style=\"text-align: justify;\">El Torneo se desarrollar\u00e1 en la Ciudad Aut\u00f3noma de Buenos Aires, los d\u00edas 11, 12 y 13 de octubre de 2014.<\/p>\n<p style=\"text-align: justify;\">Los torneos de maxi voley tienen una gran aceptaci\u00f3n en todo el pa\u00eds y nunca la Ciudad de Buenos Aires fue sede de este tipo de emprendimientos.<\/p>\n<p style=\"text-align: justify;\">PODIO suma a su larga experiencia en la categor\u00eda, como organizadores del Torneo de Maxi Voley Femenino m\u00e1s grande de la regi\u00f3n metropolitana, el desaf\u00edo de este nuevo emprendimiento.<\/p>\n<p style=\"text-align: justify;\">Y nos enorgullece haber bautizado este torneo con el nombre de\u00a0<strong>Leopoldo \u00abChulo\u00bb Olmo<\/strong>, uno de los mentores de nuestro Maxi Voley.<\/p>\n<p style=\"text-align: justify;\">Esperamos la asistencia de m\u00e1s de 120 equipos, divididos en dos ramas y en tres \u00abcortes\u00bb de edades.<\/p>\n<p style=\"text-align: justify;\">Para contacto e informaci\u00f3n, env\u00ede un mail a voley@podio.org.ar<\/p>\n<p style=\"text-align: justify;\">\n","protected":false},"excerpt":{"rendered":"<p>Para la Fundaci\u00f3n Deportiva PODIO es un honor organizar, de manera conjunta con la Federaci\u00f3n Metropolitana de Voleibol el primer torneo Internacional de Maxi Voley, de ambas ramas, para jugadoras y jugadores de m\u00e1s de 30 a\u00f1os. El Torneo se desarrollar\u00e1 en la Ciudad Aut\u00f3noma de Buenos Aires, los d\u00edas 11, 12 y 13 de [&hellip;]<\/p>\n","protected":false},"author":1,"featured_media":0,"parent":0,"menu_order":0,"comment_status":"closed","ping_status":"open","template":"","meta":{"footnotes":""},"class_list":["post-67","page","type-page","status-publish","hentry"],"yoast_head":"<!-- This site is optimized with the Yoast SEO plugin v27.2 - https:\/\/yoast.com\/product\/yoast-seo-wordpress\/ -->\n<title>Primer Torneo Internacional - Fundaci\u00f3n Deportiva PODIO<\/title>\n<meta name=\"robots\" content=\"index, follow, max-snippet:-1, max-image-preview:large, max-video-preview:-1\" \/>\n<link rel=\"canonical\" href=\"https:\/\/www.podio.org.ar\/podioblog\/primer-torneo-internacional\/\" \/>\n<meta property=\"og:locale\" content=\"es_ES\" \/>\n<meta property=\"og:type\" content=\"article\" \/>\n<meta property=\"og:title\" content=\"Primer Torneo Internacional - Fundaci\u00f3n Deportiva PODIO\" \/>\n<meta property=\"og:description\" content=\"Para la Fundaci\u00f3n Deportiva PODIO es un honor organizar, de manera conjunta con la Federaci\u00f3n Metropolitana de Voleibol el primer torneo Internacional de Maxi Voley, de ambas ramas, para jugadoras y jugadores de m\u00e1s de 30 a\u00f1os. El Torneo se desarrollar\u00e1 en la Ciudad Aut\u00f3noma de Buenos Aires, los d\u00edas 11, 12 y 13 de [&hellip;]\" \/>\n<meta property=\"og:url\" content=\"https:\/\/www.podio.org.ar\/podioblog\/primer-torneo-internacional\/\" \/>\n<meta property=\"og:site_name\" content=\"Fundaci\u00f3n Deportiva PODIO\" \/>\n<meta name=\"twitter:card\" content=\"summary_large_image\" \/>\n<meta name=\"twitter:label1\" content=\"Tiempo de lectura\" \/>\n\t<meta name=\"twitter:data1\" content=\"1 minuto\" \/>\n<script type=\"application\/ld+json\" class=\"yoast-schema-graph\">{\"@context\":\"https:\/\/schema.org\",\"@graph\":[{\"@type\":\"WebPage\",\"@id\":\"https:\/\/www.podio.org.ar\/podioblog\/primer-torneo-internacional\/\",\"url\":\"https:\/\/www.podio.org.ar\/podioblog\/primer-torneo-internacional\/\",\"name\":\"Primer Torneo Internacional - Fundaci\u00f3n Deportiva PODIO\",\"isPartOf\":{\"@id\":\"https:\/\/www.podio.org.ar\/podioblog\/#website\"},\"datePublished\":\"2014-05-17T22:13:22+00:00\",\"breadcrumb\":{\"@id\":\"https:\/\/www.podio.org.ar\/podioblog\/primer-torneo-internacional\/#breadcrumb\"},\"inLanguage\":\"es\",\"potentialAction\":[{\"@type\":\"ReadAction\",\"target\":[\"https:\/\/www.podio.org.ar\/podioblog\/primer-torneo-internacional\/\"]}]},{\"@type\":\"BreadcrumbList\",\"@id\":\"https:\/\/www.podio.org.ar\/podioblog\/primer-torneo-internacional\/#breadcrumb\",\"itemListElement\":[{\"@type\":\"ListItem\",\"position\":1,\"name\":\"Portada\",\"item\":\"https:\/\/www.podio.org.ar\/podioblog\/\"},{\"@type\":\"ListItem\",\"position\":2,\"name\":\"Primer Torneo Internacional\"}]},{\"@type\":\"WebSite\",\"@id\":\"https:\/\/www.podio.org.ar\/podioblog\/#website\",\"url\":\"https:\/\/www.podio.org.ar\/podioblog\/\",\"name\":\"Fundaci\u00f3n Deportiva PODIO\",\"description\":\"Por un Deporte Integrador y Organizado\",\"potentialAction\":[{\"@type\":\"SearchAction\",\"target\":{\"@type\":\"EntryPoint\",\"urlTemplate\":\"https:\/\/www.podio.org.ar\/podioblog\/?s={search_term_string}\"},\"query-input\":{\"@type\":\"PropertyValueSpecification\",\"valueRequired\":true,\"valueName\":\"search_term_string\"}}],\"inLanguage\":\"es\"}]}<\/script>\n<!-- \/ Yoast SEO plugin. -->","yoast_head_json":{"title":"Primer Torneo Internacional - Fundaci\u00f3n Deportiva PODIO","robots":{"index":"index","follow":"follow","max-snippet":"max-snippet:-1","max-image-preview":"max-image-preview:large","max-video-preview":"max-video-preview:-1"},"canonical":"https:\/\/www.podio.org.ar\/podioblog\/primer-torneo-internacional\/","og_locale":"es_ES","og_type":"article","og_title":"Primer Torneo Internacional - Fundaci\u00f3n Deportiva PODIO","og_description":"Para la Fundaci\u00f3n Deportiva PODIO es un honor organizar, de manera conjunta con la Federaci\u00f3n Metropolitana de Voleibol el primer torneo Internacional de Maxi Voley, de ambas ramas, para jugadoras y jugadores de m\u00e1s de 30 a\u00f1os. El Torneo se desarrollar\u00e1 en la Ciudad Aut\u00f3noma de Buenos Aires, los d\u00edas 11, 12 y 13 de [&hellip;]","og_url":"https:\/\/www.podio.org.ar\/podioblog\/primer-torneo-internacional\/","og_site_name":"Fundaci\u00f3n Deportiva PODIO","twitter_card":"summary_large_image","twitter_misc":{"Tiempo de lectura":"1 minuto"},"schema":{"@context":"https:\/\/schema.org","@graph":[{"@type":"WebPage","@id":"https:\/\/www.podio.org.ar\/podioblog\/primer-torneo-internacional\/","url":"https:\/\/www.podio.org.ar\/podioblog\/primer-torneo-internacional\/","name":"Primer Torneo Internacional - Fundaci\u00f3n Deportiva PODIO","isPartOf":{"@id":"https:\/\/www.podio.org.ar\/podioblog\/#website"},"datePublished":"2014-05-17T22:13:22+00:00","breadcrumb":{"@id":"https:\/\/www.podio.org.ar\/podioblog\/primer-torneo-internacional\/#breadcrumb"},"inLanguage":"es","potentialAction":[{"@type":"ReadAction","target":["https:\/\/www.podio.org.ar\/podioblog\/primer-torneo-internacional\/"]}]},{"@type":"BreadcrumbList","@id":"https:\/\/www.podio.org.ar\/podioblog\/primer-torneo-internacional\/#breadcrumb","itemListElement":[{"@type":"ListItem","position":1,"name":"Portada","item":"https:\/\/www.podio.org.ar\/podioblog\/"},{"@type":"ListItem","position":2,"name":"Primer Torneo Internacional"}]},{"@type":"WebSite","@id":"https:\/\/www.podio.org.ar\/podioblog\/#website","url":"https:\/\/www.podio.org.ar\/podioblog\/","name":"Fundaci\u00f3n Deportiva PODIO","description":"Por un Deporte Integrador y Organizado","potentialAction":[{"@type":"SearchAction","target":{"@type":"EntryPoint","urlTemplate":"https:\/\/www.podio.org.ar\/podioblog\/?s={search_term_string}"},"query-input":{"@type":"PropertyValueSpecification","valueRequired":true,"valueName":"search_term_string"}}],"inLanguage":"es"}]}},"_links":{"self":[{"href":"https:\/\/www.podio.org.ar\/podioblog\/wp-json\/wp\/v2\/pages\/67","targetHints":{"allow":["GET"]}}],"collection":[{"href":"https:\/\/www.podio.org.ar\/podioblog\/wp-json\/wp\/v2\/pages"}],"about":[{"href":"https:\/\/www.podio.org.ar\/podioblog\/wp-json\/wp\/v2\/types\/page"}],"author":[{"embeddable":true,"href":"https:\/\/www.podio.org.ar\/podioblog\/wp-json\/wp\/v2\/users\/1"}],"replies":[{"embeddable":true,"href":"https:\/\/www.podio.org.ar\/podioblog\/wp-json\/wp\/v2\/comments?post=67"}],"version-history":[{"count":0,"href":"https:\/\/www.podio.org.ar\/podioblog\/wp-json\/wp\/v2\/pages\/67\/revisions"}],"wp:attachment":[{"href":"https:\/\/www.podio.org.ar\/podioblog\/wp-json\/wp\/v2\/media?parent=67"}],"curies":[{"name":"wp","href":"https:\/\/api.w.org\/{rel}","templated":true}]}}